{"id":43,"date":"2012-10-05T10:38:50","date_gmt":"2012-10-05T08:38:50","guid":{"rendered":"https:\/\/www.strato.de\/blog\/?page_id=43"},"modified":"2020-09-09T17:21:03","modified_gmt":"2020-09-09T15:21:03","slug":"impressum","status":"publish","type":"page","link":"https:\/\/www.strato.de\/blog\/impressum\/","title":{"rendered":"Impressum"},"content":{"rendered":"<p><strong>FIRMENSITZ<\/strong><\/p>\n<p>STRATO AG<\/p>\n<p>Pascalstra\u00dfe 10<\/p>\n<p>10587 Berlin<\/p>\n<p>www.strato.de<\/p>\n<p><strong>AUFSICHTSRAT<\/strong><\/p>\n<ul>\n<li>Markus Kadelke (Vorsitz)<\/li>\n<\/ul>\n<p><strong>VORSTAND<\/strong><\/p>\n<ul>\n<li><strong>Claudia Frese (Vorsitz)<\/strong><\/li>\n<li>H\u00fcseyin Dogan<\/li>\n<li>Hans-Henning Kettler<\/li>\n<li>Christoph Steffens<\/li>\n<li>Achim Wei\u00df<\/li>\n<\/ul>\n","protected":false},"excerpt":{"rendered":"<p>FIRMENSITZ STRATO AG Pascalstra\u00dfe 10 10587 Berlin www.strato.de AUFSICHTSRAT Markus Kadelke (Vorsitz) VORSTAND Claudia Frese (Vorsitz) H\u00fcseyin Dogan Hans-Henning Kettler Christoph Steffens Achim Wei\u00df<\/p>\n","protected":false},"author":44,"featured_media":0,"parent":0,"menu_order":3,"comment_status":"closed","ping_status":"open","template":"","meta":{"_acf_changed":false,"footnotes":""},"class_list":["post-43","page","type-page","status-publish","hentry"],"acf":[],"yoast_head":"<!-- This site is optimized with the Yoast SEO plugin v27.1.1 - https:\/\/yoast.com\/product\/yoast-seo-wordpress\/ -->\n<title>Impressum - STRATO Blog<\/title>\n<meta name=\"robots\" content=\"noindex, follow\" \/>\n<meta property=\"og:locale\" content=\"de_DE\" \/>\n<meta property=\"og:type\" content=\"article\" \/>\n<meta property=\"og:title\" content=\"Impressum - STRATO Blog\" \/>\n<meta property=\"og:description\" content=\"FIRMENSITZ STRATO AG Pascalstra\u00dfe 10 10587 Berlin www.strato.de AUFSICHTSRAT Markus Kadelke (Vorsitz) VORSTAND Claudia Frese (Vorsitz) H\u00fcseyin Dogan Hans-Henning Kettler Christoph Steffens Achim Wei\u00df\" \/>\n<meta property=\"og:url\" content=\"https:\/\/www.strato.de\/blog\/impressum\/\" \/>\n<meta property=\"og:site_name\" content=\"STRATO Blog\" \/>\n<meta property=\"article:publisher\" content=\"https:\/\/www.facebook.com\/strato\" \/>\n<meta property=\"article:modified_time\" content=\"2020-09-09T15:21:03+00:00\" \/>\n<meta name=\"twitter:card\" content=\"summary_large_image\" \/>\n<meta name=\"twitter:site\" content=\"@STRATO_AG\" \/>\n<script type=\"application\/ld+json\" class=\"yoast-schema-graph\">{\"@context\":\"https:\/\/schema.org\",\"@graph\":[{\"@type\":\"WebPage\",\"@id\":\"https:\/\/www.strato.de\/blog\/impressum\/\",\"url\":\"https:\/\/www.strato.de\/blog\/impressum\/\",\"name\":\"Impressum - STRATO Blog\",\"isPartOf\":{\"@id\":\"https:\/\/www.strato.de\/blog\/#website\"},\"datePublished\":\"2012-10-05T08:38:50+00:00\",\"dateModified\":\"2020-09-09T15:21:03+00:00\",\"breadcrumb\":{\"@id\":\"https:\/\/www.strato.de\/blog\/impressum\/#breadcrumb\"},\"inLanguage\":\"de\",\"potentialAction\":[{\"@type\":\"ReadAction\",\"target\":[\"https:\/\/www.strato.de\/blog\/impressum\/\"]}]},{\"@type\":\"BreadcrumbList\",\"@id\":\"https:\/\/www.strato.de\/blog\/impressum\/#breadcrumb\",\"itemListElement\":[{\"@type\":\"ListItem\",\"position\":1,\"name\":\"Startseite\",\"item\":\"https:\/\/www.strato.de\/blog\/\"},{\"@type\":\"ListItem\",\"position\":2,\"name\":\"Impressum\"}]},{\"@type\":\"WebSite\",\"@id\":\"https:\/\/www.strato.de\/blog\/#website\",\"url\":\"https:\/\/www.strato.de\/blog\/\",\"name\":\"STRATO Blog\",\"description\":\"\",\"publisher\":{\"@id\":\"https:\/\/www.strato.de\/blog\/#organization\"},\"potentialAction\":[{\"@type\":\"SearchAction\",\"target\":{\"@type\":\"EntryPoint\",\"urlTemplate\":\"https:\/\/www.strato.de\/blog\/?s={search_term_string}\"},\"query-input\":{\"@type\":\"PropertyValueSpecification\",\"valueRequired\":true,\"valueName\":\"search_term_string\"}}],\"inLanguage\":\"de\"},{\"@type\":\"Organization\",\"@id\":\"https:\/\/www.strato.de\/blog\/#organization\",\"name\":\"STRATO Blog\",\"url\":\"https:\/\/www.strato.de\/blog\/\",\"logo\":{\"@type\":\"ImageObject\",\"inLanguage\":\"de\",\"@id\":\"https:\/\/www.strato.de\/blog\/#\/schema\/logo\/image\/\",\"url\":\"https:\/\/www.strato.de\/blog\/wp-content\/uploads\/2019\/11\/2019-06-STRATO-bloggt-wei\u00df.png\",\"contentUrl\":\"https:\/\/www.strato.de\/blog\/wp-content\/uploads\/2019\/11\/2019-06-STRATO-bloggt-wei\u00df.png\",\"width\":600,\"height\":97,\"caption\":\"STRATO Blog\"},\"image\":{\"@id\":\"https:\/\/www.strato.de\/blog\/#\/schema\/logo\/image\/\"},\"sameAs\":[\"https:\/\/www.facebook.com\/strato\",\"https:\/\/x.com\/STRATO_AG\"]}]}<\/script>\n<!-- \/ Yoast SEO plugin. -->","yoast_head_json":{"title":"Impressum - STRATO Blog","robots":{"index":"noindex","follow":"follow"},"og_locale":"de_DE","og_type":"article","og_title":"Impressum - STRATO Blog","og_description":"FIRMENSITZ STRATO AG Pascalstra\u00dfe 10 10587 Berlin www.strato.de AUFSICHTSRAT Markus Kadelke (Vorsitz) VORSTAND Claudia Frese (Vorsitz) H\u00fcseyin Dogan Hans-Henning Kettler Christoph Steffens Achim Wei\u00df","og_url":"https:\/\/www.strato.de\/blog\/impressum\/","og_site_name":"STRATO Blog","article_publisher":"https:\/\/www.facebook.com\/strato","article_modified_time":"2020-09-09T15:21:03+00:00","twitter_card":"summary_large_image","twitter_site":"@STRATO_AG","schema":{"@context":"https:\/\/schema.org","@graph":[{"@type":"WebPage","@id":"https:\/\/www.strato.de\/blog\/impressum\/","url":"https:\/\/www.strato.de\/blog\/impressum\/","name":"Impressum - STRATO Blog","isPartOf":{"@id":"https:\/\/www.strato.de\/blog\/#website"},"datePublished":"2012-10-05T08:38:50+00:00","dateModified":"2020-09-09T15:21:03+00:00","breadcrumb":{"@id":"https:\/\/www.strato.de\/blog\/impressum\/#breadcrumb"},"inLanguage":"de","potentialAction":[{"@type":"ReadAction","target":["https:\/\/www.strato.de\/blog\/impressum\/"]}]},{"@type":"BreadcrumbList","@id":"https:\/\/www.strato.de\/blog\/impressum\/#breadcrumb","itemListElement":[{"@type":"ListItem","position":1,"name":"Startseite","item":"https:\/\/www.strato.de\/blog\/"},{"@type":"ListItem","position":2,"name":"Impressum"}]},{"@type":"WebSite","@id":"https:\/\/www.strato.de\/blog\/#website","url":"https:\/\/www.strato.de\/blog\/","name":"STRATO Blog","description":"","publisher":{"@id":"https:\/\/www.strato.de\/blog\/#organization"},"potentialAction":[{"@type":"SearchAction","target":{"@type":"EntryPoint","urlTemplate":"https:\/\/www.strato.de\/blog\/?s={search_term_string}"},"query-input":{"@type":"PropertyValueSpecification","valueRequired":true,"valueName":"search_term_string"}}],"inLanguage":"de"},{"@type":"Organization","@id":"https:\/\/www.strato.de\/blog\/#organization","name":"STRATO Blog","url":"https:\/\/www.strato.de\/blog\/","logo":{"@type":"ImageObject","inLanguage":"de","@id":"https:\/\/www.strato.de\/blog\/#\/schema\/logo\/image\/","url":"https:\/\/www.strato.de\/blog\/wp-content\/uploads\/2019\/11\/2019-06-STRATO-bloggt-wei\u00df.png","contentUrl":"https:\/\/www.strato.de\/blog\/wp-content\/uploads\/2019\/11\/2019-06-STRATO-bloggt-wei\u00df.png","width":600,"height":97,"caption":"STRATO Blog"},"image":{"@id":"https:\/\/www.strato.de\/blog\/#\/schema\/logo\/image\/"},"sameAs":["https:\/\/www.facebook.com\/strato","https:\/\/x.com\/STRATO_AG"]}]}},"_links":{"self":[{"href":"https:\/\/www.strato.de\/blog\/wp-json\/wp\/v2\/pages\/43","targetHints":{"allow":["GET"]}}],"collection":[{"href":"https:\/\/www.strato.de\/blog\/wp-json\/wp\/v2\/pages"}],"about":[{"href":"https:\/\/www.strato.de\/blog\/wp-json\/wp\/v2\/types\/page"}],"author":[{"embeddable":true,"href":"https:\/\/www.strato.de\/blog\/wp-json\/wp\/v2\/users\/44"}],"replies":[{"embeddable":true,"href":"https:\/\/www.strato.de\/blog\/wp-json\/wp\/v2\/comments?post=43"}],"version-history":[{"count":8,"href":"https:\/\/www.strato.de\/blog\/wp-json\/wp\/v2\/pages\/43\/revisions"}],"predecessor-version":[{"id":87110,"href":"https:\/\/www.strato.de\/blog\/wp-json\/wp\/v2\/pages\/43\/revisions\/87110"}],"wp:attachment":[{"href":"https:\/\/www.strato.de\/blog\/wp-json\/wp\/v2\/media?parent=43"}],"curies":[{"name":"wp","href":"https:\/\/api.w.org\/{rel}","templated":true}]}}